{"id":6,"date":"2019-04-03T06:42:51","date_gmt":"2019-04-03T06:42:51","guid":{"rendered":"http:\/\/restaurant-dietz.de\/?page_id=6"},"modified":"2025-03-31T07:41:19","modified_gmt":"2025-03-31T07:41:19","slug":"impressum","status":"publish","type":"page","link":"http:\/\/restaurant-dietz.de\/?page_id=6","title":{"rendered":"Impressum"},"content":{"rendered":"\n<h1>Impressum<\/h1>\n<p>Das Dietz <br>Inh. Nadine Dietz<br>Bahnhofstr 5<br>33790 Halle\/ Westf.<br>O5201\/7240222<\/p>\n<p>UST-ID: DE 322402205<\/p>\n<p>AUFSICHTSBEH\u00d6RDE<\/p>\n<p>Gewerbeamt Halle\/Westf<br>Graebestr. 24<br>33790 Halle\/Westf<\/p>\n<p>BERUFSHAFTPFLICHT<\/p>\n<p>R+V Versicherungen <br>Rechtsschutz- Schadensregulierung <br>Raiffeisenplatz 1<br>65189 Wiesbaden<\/p>\n<p>Geltungsbereich Deutschland<\/p>\n<p>Verantwortlich f\u00fcr den Inhalt<br>(Gem.Para.55 ABS.2 RSTV)<\/p>\n<p>Nadine Dietz <br>Bahnhofstr. 5<br>33790 Halle\/Westf<\/p>\n<p><b>Streitschlichtung<\/b><br>Die Europ\u00e4ische Kommission stellt eine Plattform zur Online-Streitbeilegung (OS) bereit:<br>https:\/\/ec.europa.eu\/consumers\/odr.<br>Unsere E-Mail-Adresse finden Sie oben im Impressum.<br>Wir sind nicht bereit oder verpflichtet, an Streitbeilegungsverfahren vor einer<br>Verbraucherschlichtungsstelle teilzunehmen.<br><br><strong>Haftung f\u00fcr Inhalte<\/strong><br>Als Diensteanbieter sind wir gem\u00e4\u00df \u00a7 7 Abs.1 TMG f\u00fcr eigene Inhalte auf diesen Seiten nach den<br>allgemeinen Gesetzen verantwortlich. Nach \u00a7\u00a7 8 bis 10 TMG sind wir als Diensteanbieter jedoch nicht<br>verpflichtet, \u00fcbermittelte oder gespeicherte fremde Informationen zu \u00fcberwachen oder nach Umst\u00e4nden zu<br>forschen, die auf eine rechtswidrige T\u00e4tigkeit hinweisen.<br>Verpflichtungen zur Entfernung oder Sperrung der Nutzung von Informationen nach den allgemeinen<br>Gesetzen bleiben hiervon unber\u00fchrt. Eine diesbez\u00fcgliche Haftung ist jedoch erst ab dem Zeitpunkt der<br>Kenntnis einer konkreten Rechtsverletzung m\u00f6glich. Bei Bekanntwerden von entsprechenden<br>Rechtsverletzungen werden wir diese Inhalte umgehend entfernen.<br><br><strong>Haftung f\u00fcr Links<\/strong><br>Unser Angebot enth\u00e4lt Links zu externen Websites Dritter, auf deren Inhalte wir keinen Einfluss haben.<br>Deshalb k\u00f6nnen wir f\u00fcr diese fremden Inhalte auch keine Gew\u00e4hr \u00fcbernehmen. F\u00fcr die Inhalte der<br>verlinkten Seiten ist stets der jeweilige Anbieter oder Betreiber der Seiten verantwortlich. Die verlinkten<br>Seiten wurden zum Zeitpunkt der Verlinkung auf m\u00f6gliche Rechtsverst\u00f6\u00dfe \u00fcberpr\u00fcft. Rechtswidrige Inhalte<br>waren zum Zeitpunkt der Verlinkung nicht erkennbar.<br>Eine permanente inhaltliche Kontrolle der verlinkten Seiten ist jedoch ohne konkrete Anhaltspunkte einer<br>Rechtsverletzung nicht zumutbar. Bei Bekanntwerden von Rechtsverletzungen werden wir derartige Links<br>umgehend entfernen.<br><br><strong>Urheberrecht<\/strong><br>Die durch die Seitenbetreiber erstellten Inhalte und Werke auf diesen Seiten unterliegen dem deutschen<br>Urheberrecht. Die Vervielf\u00e4ltigung, Bearbeitung, Verbreitung und jede Art der Verwertung au\u00dferhalb der<br>Grenzen des Urheberrechtes bed\u00fcrfen der schriftlichen Zustimmung des jeweiligen Autors bzw. Erstellers.<br>Downloads und Kopien dieser Seite sind nur f\u00fcr den privaten, nicht kommerziellen Gebrauch gestattet.<br>Soweit die Inhalte auf dieser Seite nicht vom Betreiber erstellt wurden, werden die Urheberrechte Dritter<br>beachtet. Insbesondere werden Inhalte Dritter als solche gekennzeichnet. Sollten Sie trotzdem auf eine<br>Urheberrechtsverletzung aufmerksam werden, bitten wir um einen entsprechenden Hinweis. Bei<br>Bekanntwerden von Rechtsverletzungen werden wir derartige Inhalte umgehend entfernen.<\/p>\n","protected":false},"excerpt":{"rendered":"<p>Impressum Das Dietz Inh. Nadine DietzBahnhofstr 533790 Halle\/ Westf.O5201\/7240222 UST-ID: DE 322402205 AUFSICHTSBEH\u00d6RDE Gewerbeamt Halle\/WestfGraebestr. 2433790 Halle\/Westf BERUFSHAFTPFLICHT R+V Versicherungen Rechtsschutz- Schadensregulierung Raiffeisenplatz 165189 Wiesbaden Geltungsbereich Deutschland Verantwortlich f\u00fcr den Inhalt(Gem.Para.55 ABS.2 RSTV) Nadine Dietz Bahnhofstr. 533790 Halle\/Westf StreitschlichtungDie Europ\u00e4ische Kommission stellt eine Plattform zur Online-Streitbeilegung (OS) bereit:https:\/\/ec.europa.eu\/consumers\/odr.Unsere E-Mail-Adresse finden Sie oben im Impressum.Wir sind [&#8230;]\n","protected":false},"author":1,"featured_media":0,"parent":0,"menu_order":0,"comment_status":"closed","ping_status":"closed","template":"","meta":{"footnotes":""},"class_list":["post-6","page","type-page","status-publish","hentry"],"_links":{"self":[{"href":"http:\/\/restaurant-dietz.de\/index.php?rest_route=\/wp\/v2\/pages\/6","targetHints":{"allow":["GET"]}}],"collection":[{"href":"http:\/\/restaurant-dietz.de\/index.php?rest_route=\/wp\/v2\/pages"}],"about":[{"href":"http:\/\/restaurant-dietz.de\/index.php?rest_route=\/wp\/v2\/types\/page"}],"author":[{"embeddable":true,"href":"http:\/\/restaurant-dietz.de\/index.php?rest_route=\/wp\/v2\/users\/1"}],"replies":[{"embeddable":true,"href":"http:\/\/restaurant-dietz.de\/index.php?rest_route=%2Fwp%2Fv2%2Fcomments&post=6"}],"version-history":[{"count":7,"href":"http:\/\/restaurant-dietz.de\/index.php?rest_route=\/wp\/v2\/pages\/6\/revisions"}],"predecessor-version":[{"id":1194,"href":"http:\/\/restaurant-dietz.de\/index.php?rest_route=\/wp\/v2\/pages\/6\/revisions\/1194"}],"wp:attachment":[{"href":"http:\/\/restaurant-dietz.de\/index.php?rest_route=%2Fwp%2Fv2%2Fmedia&parent=6"}],"curies":[{"name":"wp","href":"https:\/\/api.w.org\/{rel}","templated":true}]}}